{"id":2203,"date":"2021-12-16T16:42:07","date_gmt":"2021-12-16T16:42:07","guid":{"rendered":"https:\/\/begin.werpn.com\/privacy-policy\/"},"modified":"2024-08-06T06:52:33","modified_gmt":"2024-08-06T10:52:33","slug":"privacy-policy","status":"publish","type":"page","link":"https:\/\/begin.werpn.com\/fr\/privacy-policy\/","title":{"rendered":"Politique sur la confidentialit\u00e9"},"content":{"rendered":"\t\t<div data-elementor-type=\"wp-page\" data-elementor-id=\"2203\" class=\"elementor elementor-2203 elementor-3\" data-elementor-post-type=\"page\">\n\t\t\t\t\t\t<section class=\"elementor-section elementor-top-section elementor-element elementor-element-2112e9c1 elementor-section-boxed elementor-section-height-default elementor-section-height-default\" data-id=\"2112e9c1\" data-element_type=\"section\" data-e-type=\"section\" data-settings=\"{&quot;background_background&quot;:&quot;classic&quot;}\">\n\t\t\t\t\t\t<div class=\"elementor-container elementor-column-gap-default\">\n\t\t\t\t\t<div class=\"elementor-column elementor-col-100 elementor-top-column elementor-element elementor-element-3c4cf5d6\" data-id=\"3c4cf5d6\" data-element_type=\"column\" data-e-type=\"column\">\n\t\t\t<div class=\"elementor-widget-wrap elementor-element-populated\">\n\t\t\t\t\t\t<div class=\"elementor-element elementor-element-5e26c9cb elementor-widget elementor-widget-heading\" data-id=\"5e26c9cb\" data-element_type=\"widget\" data-e-type=\"widget\" data-widget_type=\"heading.default\">\n\t\t\t\t<div class=\"elementor-widget-container\">\n\t\t\t\t\t<h2 class=\"elementor-heading-title elementor-size-default\">Politique sur la confidentialit\u00e9<\/h2>\t\t\t\t<\/div>\n\t\t\t\t<\/div>\n\t\t\t\t<div class=\"elementor-element elementor-element-66ef3dd1 privacy-policy-section elementor-widget elementor-widget-text-editor\" data-id=\"66ef3dd1\" data-element_type=\"widget\" data-e-type=\"widget\" data-widget_type=\"text-editor.default\">\n\t\t\t\t<div class=\"elementor-widget-container\">\n\t\t\t\t\t\t\t\t\tLa pr\u00e9sente politique de confidentialit\u00e9 d\u00e9crit nos politiques et proc\u00e9dures en mati\u00e8re de collecte, d\u2019utilisation et de divulgation de vos renseignements. Nous utilisons vos renseignements personnels pour fournir notre service et l\u2019am\u00e9liorer. En utilisant le site werpn.com, vous acceptez la collecte et l\u2019utilisation des renseignements conform\u00e9ment \u00e0 la pr\u00e9sente politique de confidentialit\u00e9. La pr\u00e9sente politique de confidentialit\u00e9 est \u00e9labor\u00e9e conform\u00e9ment \u00e0 la Loi sur la protection des renseignements personnels et les documents \u00e9lectroniques.\n<h2><strong>D\u00e9finitions<\/strong><\/h2>\nAux fins de la pr\u00e9sente politique de confidentialit\u00e9 :\n<ul>\n \t<li>Compte d\u00e9signe un compte unique cr\u00e9\u00e9 pour vous afin d\u2019acc\u00e9der \u00e0 notre service ou \u00e0 des parties de notre service.<\/li>\n \t<li>WeRPN (d\u00e9sign\u00e9 par \u00ab nous \u00bb, \u00ab notre \u00bb ou \u00ab nos \u00bb dans la pr\u00e9sente entente) d\u00e9signe l\u2019Association des infirmi\u00e8res et infirmiers auxiliaires autoris\u00e9s de l\u2019Ontario.<\/li>\n \t<li>Les t\u00e9moins sont de petits fichiers plac\u00e9s sur votre ordinateur, votre appareil mobile ou tout autre appareil par un site Web, contenant les d\u00e9tails de votre historique de navigation sur ce <a href=\"https:\/\/www.werpn.com\/\">site Web<\/a> parmi ses nombreuses utilisations.<\/li>\n \t<li>Le pays signifie : Le Canada ou plus pr\u00e9cis\u00e9ment, l\u2019Ontario au Canada.<\/li>\n \t<li>On entend par appareil tout dispositif pouvant acc\u00e9der au service, tel qu\u2019un ordinateur, un t\u00e9l\u00e9phone portable ou une tablette num\u00e9rique.<\/li>\n \t<li>Les renseignements personnels sont tous les renseignements qui se rapportent \u00e0 une personne identifi\u00e9e ou identifiable.<\/li>\n \t<li>Le service fait r\u00e9f\u00e9rence au site Web.<\/li>\n \t<li>Prestataire de services : toute personne physique ou morale qui traite les donn\u00e9es pour le compte de l\u2019organisation. Il s\u2019agit de soci\u00e9t\u00e9s tierces ou de personnes employ\u00e9es par l\u2019organisation pour faciliter le service, pour fournir le service au nom de l\u2019organisation, pour fournir des services li\u00e9s au service ou pour aider l\u2019organisation \u00e0 analyser la mani\u00e8re dont le service est utilis\u00e9.<\/li>\n \t<li>Les donn\u00e9es d\u2019utilisation sont des donn\u00e9es collect\u00e9es automatiquement, g\u00e9n\u00e9r\u00e9es par l\u2019utilisation du service ou par l\u2019infrastructure du service elle-m\u00eame (p. ex., la dur\u00e9e de la visite d\u2019une page).<\/li>\n \t<li>Le site Web fait r\u00e9f\u00e9rence au site Web de WeRPN, accessible \u00e0 partir de <a href=\"https:\/\/www.werpn.com\" target=\"_blank\" rel=\"noreferrer noopener\">www.werpn.com<\/a><\/li>\n \t<li>On entend par \u00ab vous \u00bb la personne qui acc\u00e8de au service ou qui l\u2019utilise, ou l\u2019organisation ou autre entit\u00e9 juridique au nom de laquelle cette personne acc\u00e8de au service ou l\u2019utilise, selon le cas.<\/li>\n<\/ul>\n<h2><strong>Collecte et utilisation de vos renseignements personnels<\/strong><\/h2>\n<h3><strong>Renseignements personnels<\/strong><\/h3>\nLors de l\u2019utilisation de notre service, nous pouvons vous demander de nous fournir certains renseignements personnellement identifiables qui peuvent \u00eatre utilis\u00e9s pour vous contacter ou vous identifier. Les renseignements personnellement identifiables peuvent inclure, sans s\u2019y limiter :\n<ul>\n \t<li>Adresse de courriel<\/li>\n \t<li>Pr\u00e9nom et nom de famille<\/li>\n \t<li>Donn\u00e9es d\u2019utilisation<\/li>\n<\/ul>\n<h3><strong>Donn\u00e9es d\u2019utilisation<\/strong><\/h3>\nLes donn\u00e9es d\u2019utilisation sont collect\u00e9es automatiquement lors de l\u2019utilisation du service. Les donn\u00e9es d\u2019utilisation peuvent inclure des informations telles que l\u2019adresse de protocole Internet de votre appareil (p. ex., l\u2019adresse IP), le type de navigateur, la version du navigateur, les pages de notre service que vous visitez, l\u2019heure et la date de votre visite, le temps pass\u00e9 sur ces pages, les identifiants uniques de l\u2019appareil et d\u2019autres donn\u00e9es de diagnostic. Lorsque vous acc\u00e9dez au service au moyen d\u2019un appareil mobile, nous pouvons collecter certaines informations automatiquement, y compris, sans s\u2019y limiter, le type d\u2019appareil mobile que vous utilisez, l\u2019identifiant unique de votre appareil mobile, l\u2019adresse IP de votre appareil mobile, votre syst\u00e8me d\u2019exploitation mobile, le type de navigateur Internet mobile que vous utilisez, les identifiants uniques de l\u2019appareil et d\u2019autres donn\u00e9es de diagnostic. Nous pouvons \u00e9galement collecter des renseignements que votre navigateur envoie lorsque vous visitez notre service ou lorsque vous acc\u00e9dez au service au moyen d\u2019un appareil mobile.\n<h3><strong>Technologies de suivi et t\u00e9moins<\/strong><\/h3>\nNous utilisons des t\u00e9moins et des technologies de suivi similaires pour suivre l\u2019activit\u00e9 sur notre service et stocker certains renseignements. Les technologies de suivi utilis\u00e9es sont des balises, des \u00e9tiquettes et des scripts pour collecter et suivre les renseignements et pour am\u00e9liorer et analyser notre service. Les technologies que nous utilisons peuvent inclure :\n<ul>\n \t<li>T\u00e9moins ou t\u00e9moins de navigation. Un t\u00e9moin est un petit fichier plac\u00e9 sur votre appareil. Vous pouvez configurer votre navigateur pour qu\u2019il refuse tous les t\u00e9moins ou pour qu\u2019il vous indique quand un t\u00e9moin est envoy\u00e9. Toutefois, si vous n\u2019acceptez pas les t\u00e9moins, il se peut que vous ne puissiez pas utiliser certaines parties de notre service. Notre service peut utiliser des t\u00e9moins, \u00e0 moins que vous n\u2019ayez r\u00e9gl\u00e9 les param\u00e8tres de votre navigateur de mani\u00e8re \u00e0 ce qu\u2019il refuse les t\u00e9moins.<\/li>\n \t<li>T\u00e9moins Flash. Certaines fonctionnalit\u00e9s de notre service peuvent utiliser des objets stock\u00e9s localement (ou t\u00e9moins Flash) pour collecter et stocker des informations sur vos pr\u00e9f\u00e9rences ou votre activit\u00e9 sur notre service. Les t\u00e9moins Flash ne sont pas g\u00e9r\u00e9s par les m\u00eames param\u00e8tres que ceux utilis\u00e9s pour les t\u00e9moins de navigation. Pour plus d\u2019informations sur la mani\u00e8re dont vous pouvez supprimer les t\u00e9moins Flash, veuillez lire \u00ab Where can I change the settings for disabling, or deleting local shared objects \u00bb (O\u00f9 puis-je modifier les param\u00e8tres de d\u00e9sactivation ou de suppression des objets locaux partag\u00e9s), disponible \u00e0 l\u2019adresse suivante <a href=\"https:\/\/helpx.adobe.com\/flash-player\/kb\/disable-local-shared-objects-flash.html#main_Where_can_I_change_the_settings_for_disabling__or_deleting_local_shared_objects_\" target=\"_blank\" rel=\"noreferrer noopener\">Cliquez ici<\/a><\/li>\n \t<li>Balises Web. Certaines sections de notre service et de nos courriels peuvent contenir de petits fichiers \u00e9lectroniques connus sous le nom de balises Web (\u00e9galement appel\u00e9es \u00ab clear gifs \u00bb, \u00ab pixel tags \u00bb et \u00ab single-pixel gifs \u00bb) qui permettent \u00e0 l\u2019organisation, par exemple, de compter les utilisateurs qui ont visit\u00e9 ces pages ou ouvert un courriel et d\u2019\u00e9tablir d\u2019autres statistiques relatives au site Web.<\/li>\n<\/ul>\nPour plus d\u2019informations sur les t\u00e9moins que nous utilisons et sur les choix qui s\u2019offrent \u00e0 vous en la mati\u00e8re, veuillez consulter notre <a href=\"https:\/\/journal.werpn.com\/contact\/\" target=\"_blank\" rel=\"noreferrer noopener\">page de contact.<\/a>\n<h3><strong>Utilisation de vos renseignements personnels<\/strong><\/h3>\nL\u2019organisation peut utiliser les renseignements personnels aux fins suivantes :\n<ul>\n \t<li>Fournir et maintenir notre service, y compris pour contr\u00f4ler l\u2019utilisation de notre service.<\/li>\n \t<li>Pour g\u00e9rer votre compte : Pour g\u00e9rer votre inscription en tant qu\u2019utilisateur du service. Les renseignements personnels que vous fournissez peuvent vous donner acc\u00e8s \u00e0 diff\u00e9rentes fonctionnalit\u00e9s du service qui sont disponibles pour vous en tant qu\u2019utilisateur inscrit.<\/li>\n \t<li>Pour l\u2019ex\u00e9cution d\u2019un contrat : l\u2019\u00e9laboration, le respect et l\u2019ex\u00e9cution du contrat d\u2019achat des <a href=\"http:\/\/members.werpn.com\/\">produits<\/a>, articles ou services que vous avez achet\u00e9s ou de tout autre contrat conclu avec nous par l\u2019interm\u00e9diaire du service.<\/li>\n \t<li>Pour vous contacter : Vous contacter par courrier \u00e9lectronique, appels t\u00e9l\u00e9phoniques, SMS ou autres formes \u00e9quivalentes de communication \u00e9lectronique, telles que les notifications pouss\u00e9es d\u2019une application mobile concernant les mises \u00e0 jour ou les communications informatives li\u00e9es aux fonctionnalit\u00e9s, produits ou services contractuels, y compris les mises \u00e0 jour de s\u00e9curit\u00e9, lorsque cela est n\u00e9cessaire ou raisonnable pour leur mise en \u0153uvre.<\/li>\n \t<li>Vous fournir des nouvelles, des offres sp\u00e9ciales et des informations g\u00e9n\u00e9rales sur d\u2019autres biens, services et \u00e9v\u00e9nements que nous proposons et qui sont similaires \u00e0 ceux que vous avez d\u00e9j\u00e0 achet\u00e9s ou sur lesquels vous vous \u00eates renseign\u00e9, \u00e0 moins que vous n\u2019ayez choisi de ne pas recevoir ces informations.<\/li>\n \t<li>Pour g\u00e9rer vos demandes : Pour r\u00e9pondre aux demandes que vous nous adressez et les g\u00e9rer.<\/li>\n \t<li>Pour les transferts d\u2019entreprise : Nous pouvons utiliser vos informations pour \u00e9valuer ou mener une fusion, une cession, une restructuration, une r\u00e9organisation, une dissolution ou toute autre vente ou transfert de nos actifs en tout ou en partie, que ce soit en tant qu\u2019entreprise en activit\u00e9 ou dans le cadre d\u2019une faillite, d\u2019une liquidation ou d\u2019une proc\u00e9dure similaire, dans laquelle les renseignements personnels que nous d\u00e9tenons sur les utilisateurs de nos services font partie des actifs transf\u00e9r\u00e9s.<\/li>\n \t<li>\u00c0 d\u2019autres fins : Nous pouvons utiliser vos renseignements \u00e0 d\u2019autres fins, telles que l\u2019analyse des donn\u00e9es, l\u2019identification des tendances d\u2019utilisation, la d\u00e9termination de l\u2019efficacit\u00e9 de nos campagnes promotionnelles et l\u2019\u00e9valuation et l\u2019am\u00e9lioration de notre service, de nos produits, de nos services, de notre marketing et de votre exp\u00e9rience.<\/li>\n<\/ul>\nNous pouvons partager vos renseignements personnels dans les situations suivantes :\n<ul>\n \t<li>Avec des prestataires de services : Nous pouvons partager vos renseignements personnels avec des fournisseurs de services afin de contr\u00f4ler et d\u2019analyser l\u2019utilisation de notre service ou de vous contacter.<\/li>\n \t<li>Pour les transferts d\u2019entreprise : Nous pouvons partager ou transf\u00e9rer vos renseignements personnels dans le cadre d\u2019une fusion, d\u2019une vente d\u2019actifs de l\u2019organisation, d\u2019un financement ou d\u2019une acquisition de l\u2019ensemble ou d\u2019une partie de nos activit\u00e9s par une autre organisation, ou pendant les n\u00e9gociations relatives \u00e0 une telle op\u00e9ration.<\/li>\n \t<li>Avec des affili\u00e9s : Nous pouvons partager vos informations avec nos soci\u00e9t\u00e9s affili\u00e9es, auquel cas nous demanderons \u00e0 ces soci\u00e9t\u00e9s affili\u00e9es de respecter la pr\u00e9sente politique de protection de la vie priv\u00e9e. Les affili\u00e9s comprennent notre organisation m\u00e8re et toute autre filiale, partenaire de coentreprise ou autre soci\u00e9t\u00e9 que nous contr\u00f4lons ou qui est sous contr\u00f4le commun avec nous.<\/li>\n \t<li>Avec des partenaires commerciaux : Nous pouvons partager vos renseignements avec nos partenaires commerciaux pour vous offrir certains produits, services ou promotions.<\/li>\n \t<li>Avec d\u2019autres utilisateurs : Lorsque vous partagez des renseignements personnels ou interagissez d\u2019une autre mani\u00e8re avec d\u2019autres utilisateurs dans des espaces publics, ces informations peuvent \u00eatre consult\u00e9es par tous les utilisateurs et peuvent \u00eatre diffus\u00e9es publiquement \u00e0 l\u2019ext\u00e9rieur.<\/li>\n \t<li>Avec votre consentement : Nous pouvons divulguer vos renseignements personnels \u00e0 toute autre fin avec votre consentement.<\/li>\n<\/ul>\n<h3><strong>Conservation de vos renseignements personnels<\/strong><\/h3>\nL\u2019organisation ne conservera vos renseignements personnels que pendant la dur\u00e9e n\u00e9cessaire aux fins \u00e9nonc\u00e9es dans la pr\u00e9sente Politique sur la confidentialit\u00e9. Nous conserverons et utiliserons vos renseignements personnels dans la mesure n\u00e9cessaire pour nous conformer \u00e0 nos obligations l\u00e9gales (p. ex., si nous sommes tenus de conserver vos renseignements pour nous conformer aux lois applicables), r\u00e9soudre les litiges et appliquer nos accords et politiques juridiques. L\u2019organisation conservera \u00e9galement les donn\u00e9es d\u2019utilisation \u00e0 des fins d\u2019analyse interne. Les donn\u00e9es d\u2019utilisation sont g\u00e9n\u00e9ralement conserv\u00e9es pendant une p\u00e9riode plus courte, sauf lorsque ces donn\u00e9es sont utilis\u00e9es pour renforcer la s\u00e9curit\u00e9 ou am\u00e9liorer la fonctionnalit\u00e9 de notre service, ou lorsque nous sommes l\u00e9galement tenus de conserver ces donn\u00e9es pendant des p\u00e9riodes plus longues.\n<h3><strong> Transfert de vos renseignements personnels <\/strong><\/h3>\nVos renseignements, y compris les renseignements personnels, sont trait\u00e9s dans les bureaux de l\u2019organisation et dans tout autre lieu o\u00f9 se trouvent les parties impliqu\u00e9es dans le traitement. Cela signifie que ces renseignements peuvent \u00eatre transf\u00e9r\u00e9s et conserv\u00e9s sur des ordinateurs situ\u00e9s en dehors de votre \u00c9tat, province, pays ou autre juridiction gouvernementale o\u00f9 les lois sur la protection des renseignements personnels peuvent diff\u00e9rer de celles de votre juridiction. Votre consentement \u00e0 la pr\u00e9sente Politique sur la confidentialit\u00e9, suivi de votre soumission de ces renseignements, repr\u00e9sente votre accord \u00e0 ce transfert. L\u2019organisation prendra toutes les mesures raisonnablement n\u00e9cessaires pour s\u2019assurer que vos renseignements sont trait\u00e9s en toute s\u00e9curit\u00e9 et conform\u00e9ment \u00e0 la pr\u00e9sente politique de confidentialit\u00e9 et aucun transfert de vos renseignements personnels n\u2019aura lieu vers une organisation ou un pays \u00e0 moins qu\u2019il n\u2019y ait des contr\u00f4les ad\u00e9quats en place, y compris la s\u00e9curit\u00e9 de vos donn\u00e9es et d\u2019autres renseignements personnels.\n<h2><strong>Divulgation de vos renseignements personnels <\/strong><\/h2>\n<h3><strong>Transactions commerciales<\/strong><\/h3>\nSi l\u2019organisation est impliqu\u00e9e dans une fusion, une acquisition ou une vente d\u2019actifs, vos renseignements personnels peuvent \u00eatre transf\u00e9r\u00e9s. Nous vous pr\u00e9viendrons avant que vos renseignements personnels ne soient transf\u00e9r\u00e9s et soumis \u00e0 une politique sur la confidentialit\u00e9 diff\u00e9rente.\n<h3><strong>Application de la loi<\/strong><\/h3>\nDans certaines circonstances, l\u2019organisation peut \u00eatre tenue de divulguer vos renseignements personnels si la loi l\u2019exige ou en r\u00e9ponse \u00e0 des demandes valables \u00e9manant d\u2019autorit\u00e9s publiques (p. ex., un tribunal ou une agence gouvernementale).\n<h3><strong>S\u00e9curit\u00e9 de vos renseignements personnels<\/strong><\/h3>\nLa s\u00e9curit\u00e9 de vos renseignements personnels est importante pour nous, mais n\u2019oubliez pas qu\u2019aucune m\u00e9thode de transmission sur Internet ou de stockage \u00e9lectronique n\u2019est s\u00fbre \u00e0 100 %. Comme nous ne contr\u00f4lons aucun des moyens de transmission de vos renseignements personnels, nous ne pouvons pas garantir que les informations que vous divulguez resteront confidentielles.\n<h3><strong>Liens vers d\u2019autres sites Web<\/strong><\/h3>\nNotre service peut contenir des liens vers d\u2019autres sites Web qui ne sont pas exploit\u00e9s par nous. <a href=\"https:\/\/www.hermesreplica.to\/product\/hermes-56116-fashionable-scarf\/\">Si vous <\/a>cliquez sur le lien d\u2019un tiers, vous serez dirig\u00e9 vers le site de ce tiers. Nous vous conseillons fortement de consulter la politique sur la confidentialit\u00e9 de chaque site que vous visitez. Nous n\u2019avons aucun contr\u00f4le et n\u2019assumons aucune responsabilit\u00e9 quant au contenu, aux politiques de confidentialit\u00e9 ou aux pratiques des sites ou services tiers.\n<h3><strong>Modifications de la pr\u00e9sente politique sur la confidentialit\u00e9<\/strong><\/h3>\nNous pouvons mettre \u00e0 jour notre Politique sur la confidentialit\u00e9 de temps \u00e0 autre. Nous vous informerons de toute modification en publiant la nouvelle Politique sur la confidentialit\u00e9 sur cette page. Nous vous en informerons par courrier \u00e9lectronique et\/ou par un avis bien visible sur notre service avant que la modification n\u2019entre en vigueur et nous mettrons \u00e0 jour la date de la \u00ab derni\u00e8re mise \u00e0 jour \u00bb en haut de la pr\u00e9sente Politique sur la confidentialit\u00e9. Nous vous conseillons de consulter r\u00e9guli\u00e8rement la pr\u00e9sente Politique sur la confidentialit\u00e9 pour prendre connaissance des \u00e9ventuelles modifications. Les modifications apport\u00e9es \u00e0 la pr\u00e9sente Politique sur la confidentialit\u00e9 entrent en vigueur au moment o\u00f9 elles sont publi\u00e9es sur cette page.\n<h3><strong>Nous contacter<\/strong><\/h3>\nSi vous avez des questions concernant cette Politique sur la confidentialit\u00e9, vous pouvez nous contacter :<br>\nCourriel : <a href=\"mailto:info@werpn.com\" target=\"_blank\" rel=\"noreferrer noopener\">info@werpn.com<\/a><br>\nEn visitant cette page sur notre site Web : <a href=\"https:\/\/www.werpn.com\/about\/contact\/\" target=\"_blank\" rel=\"noreferrer noopener\">https:\/\/www.werpn.com\/about\/contact\/<\/a>\t\t\t\t\t\t\t\t<\/div>\n\t\t\t\t<\/div>\n\t\t\t\t\t<\/div>\n\t\t<\/div>\n\t\t\t\t\t<\/div>\n\t\t<\/section>\n\t\t\t\t<\/div>\n\t\t","protected":false},"excerpt":{"rendered":"<p>La pr\u00e9sente politique de confidentialit\u00e9 d\u00e9crit nos politiques et proc\u00e9dures en mati\u00e8re de collecte, d\u2019utilisation et de divulgation de vos renseignements. Nous utilisons vos renseignements personnels pour fournir notre service et l\u2019am\u00e9liorer. En utilisant le site werpn.com, vous acceptez la collecte et l\u2019utilisation des renseignements conform\u00e9ment \u00e0 la pr\u00e9sente politique de confidentialit\u00e9. La pr\u00e9sente politique [&hellip;]<\/p>\n","protected":false},"author":1,"featured_media":0,"parent":0,"menu_order":0,"comment_status":"closed","ping_status":"open","template":"","meta":{"_acf_changed":false,"footnotes":""},"class_list":["post-2203","page","type-page","status-publish","hentry"],"acf":[],"_links":{"self":[{"href":"https:\/\/begin.werpn.com\/fr\/wp-json\/wp\/v2\/pages\/2203","targetHints":{"allow":["GET"]}}],"collection":[{"href":"https:\/\/begin.werpn.com\/fr\/wp-json\/wp\/v2\/pages"}],"about":[{"href":"https:\/\/begin.werpn.com\/fr\/wp-json\/wp\/v2\/types\/page"}],"author":[{"embeddable":true,"href":"https:\/\/begin.werpn.com\/fr\/wp-json\/wp\/v2\/users\/1"}],"replies":[{"embeddable":true,"href":"https:\/\/begin.werpn.com\/fr\/wp-json\/wp\/v2\/comments?post=2203"}],"version-history":[{"count":0,"href":"https:\/\/begin.werpn.com\/fr\/wp-json\/wp\/v2\/pages\/2203\/revisions"}],"wp:attachment":[{"href":"https:\/\/begin.werpn.com\/fr\/wp-json\/wp\/v2\/media?parent=2203"}],"curies":[{"name":"wp","href":"https:\/\/api.w.org\/{rel}","templated":true}]}}