{"id":213,"date":"2022-02-17T10:58:22","date_gmt":"2022-02-17T10:58:22","guid":{"rendered":"https:\/\/begin.werpn.com\/?page_id=213"},"modified":"2022-02-17T12:19:19","modified_gmt":"2022-02-17T12:19:19","slug":"step-1-eligibility","status":"publish","type":"page","link":"https:\/\/begin.werpn.com\/fr\/step-1-eligibility\/","title":{"rendered":"Step-1 Eligibility"},"content":{"rendered":"<p>Nous vous remercions de l\u2019int\u00e9r\u00eat que vous portez \u00e0 l\u2019initiative <strong>BEGIN de subventions pour la formation relais en soins infirmiers<\/strong> de l\u2019Ontario. Le programme BEGIN fournira une aide financi\u00e8re pour les frais de scolarit\u00e9 aux infirmi\u00e8res et infirmiers auxiliaires autoris\u00e9s (IAA) et aux pr\u00e9pos\u00e9s aux services de soutien \u00e0 la personne (PSSP) de l\u2019Ontario, afin qu\u2019ils puissent poursuivre leur formation pour devenir respectivement des infirmi\u00e8res et infirmiers autoris\u00e9s et des infirmi\u00e8res et infirmiers auxiliaires autoris\u00e9s. Le programme am\u00e9liorera leur niveau de formation et de comp\u00e9tences professionnelles et contribuera ainsi \u00e0 r\u00e9soudre les probl\u00e8mes critiques de dotation en personnel auxquels sont confront\u00e9s les secteurs des soins de longue dur\u00e9e et\/ou des soins communautaires et \u00e0 domicile (SCD).<\/p>\n<p>Le programme BEGIN offre un remboursement des frais de scolarit\u00e9 aux IAA et aux PSSP admissibles qui acceptent de conclure des accords de retour de service (RS) pour travailler dans les secteurs des SLD ou des SCD une fois leur formation termin\u00e9e.<\/p>\n<p>Les IAA admissibles peuvent recevoir un remboursement des frais de scolarit\u00e9 allant jusqu\u2019\u00e0 10 000 $ par an pendant un maximum de trois ans et un maximum de 30 000 $.<\/p>\n<p>Les PSSP admissibles peuvent recevoir un remboursement des frais de scolarit\u00e9 allant jusqu\u2019\u00e0 6 000 $ par an pendant un maximum de 3 ans et un maximum de 15 000 $.<\/p>\n<p>Certains participants peuvent \u00eatre \u00e9ligibles pour recevoir des aides financi\u00e8res suppl\u00e9mentaires pouvant aller jusqu\u2019\u00e0 5\u00a0000\u00a0$ par an (en fonction des besoins prouv\u00e9s) pour les aider \u00e0 faire face \u00e0 des co\u00fbts tels que la garde de personnes \u00e0 charge, le tutorat et les frais de d\u00e9placement.<\/p>\n","protected":false},"excerpt":{"rendered":"<p>Nous vous remercions de l\u2019int\u00e9r\u00eat que vous portez \u00e0 l\u2019initiative BEGIN de subventions pour la formation relais en soins infirmiers de l\u2019Ontario. Le programme BEGIN fournira une aide financi\u00e8re pour les frais de scolarit\u00e9 aux infirmi\u00e8res et infirmiers auxiliaires autoris\u00e9s (IAA) et aux pr\u00e9pos\u00e9s aux services de soutien \u00e0 la personne (PSSP) de l\u2019Ontario, afin [&hellip;]<\/p>\n","protected":false},"author":3,"featured_media":0,"parent":0,"menu_order":0,"comment_status":"closed","ping_status":"closed","template":"step-1.php","meta":{"_acf_changed":false,"footnotes":""},"class_list":["post-213","page","type-page","status-publish","hentry"],"acf":[],"_links":{"self":[{"href":"https:\/\/begin.werpn.com\/fr\/wp-json\/wp\/v2\/pages\/213","targetHints":{"allow":["GET"]}}],"collection":[{"href":"https:\/\/begin.werpn.com\/fr\/wp-json\/wp\/v2\/pages"}],"about":[{"href":"https:\/\/begin.werpn.com\/fr\/wp-json\/wp\/v2\/types\/page"}],"author":[{"embeddable":true,"href":"https:\/\/begin.werpn.com\/fr\/wp-json\/wp\/v2\/users\/3"}],"replies":[{"embeddable":true,"href":"https:\/\/begin.werpn.com\/fr\/wp-json\/wp\/v2\/comments?post=213"}],"version-history":[{"count":0,"href":"https:\/\/begin.werpn.com\/fr\/wp-json\/wp\/v2\/pages\/213\/revisions"}],"wp:attachment":[{"href":"https:\/\/begin.werpn.com\/fr\/wp-json\/wp\/v2\/media?parent=213"}],"curies":[{"name":"wp","href":"https:\/\/api.w.org\/{rel}","templated":true}]}}