{"id":212,"date":"2022-02-17T10:56:41","date_gmt":"2022-02-17T10:56:41","guid":{"rendered":"https:\/\/begin.werpn.com\/?page_id=212"},"modified":"2024-08-05T11:17:43","modified_gmt":"2024-08-05T15:17:43","slug":"forgot-password","status":"publish","type":"page","link":"https:\/\/begin.werpn.com\/fr\/forgot-password\/","title":{"rendered":"Mot de passe oubli\u00e9"},"content":{"rendered":"<p>Veuillez entrer votre nom d\u2019utilisateur ou votre adresse de courriel. Vous recevrez un lien pour cr\u00e9er un nouveau mot de passe par courriel. Si vous ne recevez pas le courriel dans les 5 minutes suivant votre demande, assurez-vous de v\u00e9rifier votre dossier de pourriels et de mettre l\u2019adresse courriel de WeRPN sur liste blanche dans les param\u00e8tres de votre bo\u00eete de r\u00e9ception en suivant les \u00e9tapes list\u00e9es ici.<\/p>\n<form method=\"post\" class=\"wc-forgot-pwd-form\" id=\"forgot_pwd_form\">\n    <div class=\"forgot_pwd_form\">\n                <div class=\"log_user\">\n            <label for=\"user_login\" class=\"form-label\">Nom d\u2019utilisateur our courriel:<\/label>\n                        <input type=\"text\" name=\"user_login\" id=\"user_login\" value=\"\" \/>\n        <\/div>\n        <div class=\"log_user\">\n                        <input type=\"hidden\" id=\"formType\" name=\"formType\" value=\"43931e67ab\" \/><input type=\"hidden\" name=\"_wp_http_referer\" value=\"\/fr\/wp-json\/wp\/v2\/pages\/212\" \/>            <br \/>\n            <button type=\"submit\" class=\"btn custom-style\">G\u00e9n\u00e9rer un nouveau mot de passe<\/button>\n        <\/div>\n            <\/div>\n<\/form>\n\n","protected":false},"excerpt":{"rendered":"<p>Veuillez entrer votre nom d\u2019utilisateur ou votre adresse de courriel. Vous recevrez un lien pour cr\u00e9er un nouveau mot de passe par courriel. Si vous ne recevez pas le courriel dans les 5 minutes suivant votre demande, assurez-vous de v\u00e9rifier votre dossier de pourriels et de mettre l\u2019adresse courriel de WeRPN sur liste blanche dans [&hellip;]<\/p>\n","protected":false},"author":3,"featured_media":0,"parent":0,"menu_order":0,"comment_status":"closed","ping_status":"closed","template":"login-page.php","meta":{"_acf_changed":false,"footnotes":""},"class_list":["post-212","page","type-page","status-publish","hentry"],"acf":[],"_links":{"self":[{"href":"https:\/\/begin.werpn.com\/fr\/wp-json\/wp\/v2\/pages\/212","targetHints":{"allow":["GET"]}}],"collection":[{"href":"https:\/\/begin.werpn.com\/fr\/wp-json\/wp\/v2\/pages"}],"about":[{"href":"https:\/\/begin.werpn.com\/fr\/wp-json\/wp\/v2\/types\/page"}],"author":[{"embeddable":true,"href":"https:\/\/begin.werpn.com\/fr\/wp-json\/wp\/v2\/users\/3"}],"replies":[{"embeddable":true,"href":"https:\/\/begin.werpn.com\/fr\/wp-json\/wp\/v2\/comments?post=212"}],"version-history":[{"count":0,"href":"https:\/\/begin.werpn.com\/fr\/wp-json\/wp\/v2\/pages\/212\/revisions"}],"wp:attachment":[{"href":"https:\/\/begin.werpn.com\/fr\/wp-json\/wp\/v2\/media?parent=212"}],"curies":[{"name":"wp","href":"https:\/\/api.w.org\/{rel}","templated":true}]}}